{"id":11780,"date":"2022-07-10T21:58:40","date_gmt":"2022-07-10T19:58:40","guid":{"rendered":"https:\/\/www.kepriporter.hu\/?page_id=11780"},"modified":"2025-01-27T10:52:56","modified_gmt":"2025-01-27T09:52:56","slug":"about-me","status":"publish","type":"page","link":"https:\/\/www.kepriporter.hu\/en\/about-me\/","title":{"rendered":"About me"},"content":{"rendered":"\t\t<div data-elementor-type=\"wp-page\" data-elementor-id=\"11780\" class=\"elementor elementor-11780 elementor-40\" data-elementor-post-type=\"page\">\n\t\t\t\t<div class=\"elementor-element elementor-element-b22e237 e-con-full e-flex e-con e-parent\" data-id=\"b22e237\" data-element_type=\"container\" data-e-type=\"container\" data-settings=\"{&quot;background_background&quot;:&quot;classic&quot;}\">\n\t\t<div class=\"elementor-element elementor-element-aa66459 e-con-full e-flex e-con e-child\" data-id=\"aa66459\" data-element_type=\"container\" data-e-type=\"container\">\n\t\t\t\t<div class=\"elementor-element elementor-element-37dd805 elementor-widget elementor-widget-heading\" data-id=\"37dd805\" data-element_type=\"widget\" data-e-type=\"widget\" data-widget_type=\"heading.default\">\n\t\t\t\t<div class=\"elementor-widget-container\">\n\t\t\t\t\t<h1 class=\"elementor-heading-title elementor-size-default\">About me<\/h1>\t\t\t\t<\/div>\n\t\t\t\t<\/div>\n\t\t\t\t<\/div>\n\t\t<div class=\"elementor-element elementor-element-0e0acd2 e-con-full e-flex e-con e-child\" data-id=\"0e0acd2\" data-element_type=\"container\" data-e-type=\"container\">\n\t\t\t\t<div class=\"elementor-element elementor-element-6f3840a elementor-widget elementor-widget-text-editor\" data-id=\"6f3840a\" data-element_type=\"widget\" data-e-type=\"widget\" data-widget_type=\"text-editor.default\">\n\t\t\t\t<div class=\"elementor-widget-container\">\n\t\t\t\t\t\t\t\t\t<p>In addition to my profession, I also learned patience, understanding, and perseverance. My work is my calling.<\/p>\t\t\t\t\t\t\t\t<\/div>\n\t\t\t\t<\/div>\n\t\t\t\t<\/div>\n\t\t\t\t<\/div>\n\t\t<div class=\"elementor-element elementor-element-9e47f38 e-flex e-con-boxed e-con e-parent\" data-id=\"9e47f38\" data-element_type=\"container\" data-e-type=\"container\">\n\t\t\t\t\t<div class=\"e-con-inner\">\n\t\t<div class=\"elementor-element elementor-element-70c0345 e-con-full e-flex e-con e-child\" data-id=\"70c0345\" data-element_type=\"container\" data-e-type=\"container\" data-settings=\"{&quot;background_background&quot;:&quot;classic&quot;}\">\n\t\t\t\t<div class=\"elementor-element elementor-element-e67a70b elementor-widget elementor-widget-image\" data-id=\"e67a70b\" data-element_type=\"widget\" data-e-type=\"widget\" data-widget_type=\"image.default\">\n\t\t\t\t<div class=\"elementor-widget-container\">\n\t\t\t\t\t\t\t\t\t\t\t\t\t\t\t<img fetchpriority=\"high\" decoding=\"async\" width=\"640\" height=\"960\" src=\"https:\/\/www.kepriporter.hu\/wp-content\/uploads\/2024\/11\/VAA-self-portrait.jpg\" class=\"attachment-large size-large wp-image-9297\" alt=\"\" srcset=\"https:\/\/www.kepriporter.hu\/wp-content\/uploads\/2024\/11\/VAA-self-portrait.jpg 640w, https:\/\/www.kepriporter.hu\/wp-content\/uploads\/2024\/11\/VAA-self-portrait-200x300.jpg 200w\" sizes=\"(max-width: 640px) 100vw, 640px\" \/>\t\t\t\t\t\t\t\t\t\t\t\t\t\t\t<\/div>\n\t\t\t\t<\/div>\n\t\t\t\t<\/div>\n\t\t<div class=\"elementor-element elementor-element-75b0253 e-con-full e-flex e-con e-child\" data-id=\"75b0253\" data-element_type=\"container\" data-e-type=\"container\">\n\t\t\t\t<div class=\"elementor-element elementor-element-0db42fc elementor-view-default elementor-widget elementor-widget-icon\" data-id=\"0db42fc\" data-element_type=\"widget\" data-e-type=\"widget\" data-widget_type=\"icon.default\">\n\t\t\t\t<div class=\"elementor-widget-container\">\n\t\t\t\t\t\t\t<div class=\"elementor-icon-wrapper\">\n\t\t\t<div class=\"elementor-icon\">\n\t\t\t<i aria-hidden=\"true\" class=\"fas fa-quote-left\"><\/i>\t\t\t<\/div>\n\t\t<\/div>\n\t\t\t\t\t\t<\/div>\n\t\t\t\t<\/div>\n\t\t\t\t<div class=\"elementor-element elementor-element-f672b2c elementor-widget__width-auto elementor-widget-mobile__width-inherit elementor-widget elementor-widget-heading\" data-id=\"f672b2c\" data-element_type=\"widget\" data-e-type=\"widget\" data-widget_type=\"heading.default\">\n\t\t\t\t<div class=\"elementor-widget-container\">\n\t\t\t\t\t<h6 class=\"elementor-heading-title elementor-size-default\">Ars Poetica<\/h6>\t\t\t\t<\/div>\n\t\t\t\t<\/div>\n\t\t\t\t<div class=\"elementor-element elementor-element-9213333 elementor-widget elementor-widget-heading\" data-id=\"9213333\" data-element_type=\"widget\" data-e-type=\"widget\" data-widget_type=\"heading.default\">\n\t\t\t\t<div class=\"elementor-widget-container\">\n\t\t\t\t\t<h2 class=\"elementor-heading-title elementor-size-default\">Trust is the key<\/h2>\t\t\t\t<\/div>\n\t\t\t\t<\/div>\n\t\t\t\t<div class=\"elementor-element elementor-element-956f89e elementor-widget__width-auto elementor-widget-mobile__width-inherit elementor-hidden-phone elementor-widget-divider--view-line elementor-widget elementor-widget-divider\" data-id=\"956f89e\" data-element_type=\"widget\" data-e-type=\"widget\" data-widget_type=\"divider.default\">\n\t\t\t\t<div class=\"elementor-widget-container\">\n\t\t\t\t\t\t\t<div class=\"elementor-divider\">\n\t\t\t<span class=\"elementor-divider-separator\">\n\t\t\t\t\t\t<\/span>\n\t\t<\/div>\n\t\t\t\t\t\t<\/div>\n\t\t\t\t<\/div>\n\t\t\t\t<div class=\"elementor-element elementor-element-84a0fdc elementor-widget elementor-widget-text-editor\" data-id=\"84a0fdc\" data-element_type=\"widget\" data-e-type=\"widget\" data-widget_type=\"text-editor.default\">\n\t\t\t\t<div class=\"elementor-widget-container\">\n\t\t\t\t\t\t\t\t\t<div class=\"elementor-element elementor-element-f5d7b98 e-con-full e-flex e-con e-child\" data-id=\"f5d7b98\" data-element_type=\"container\"><div class=\"elementor-element elementor-element-11d62e7 e-flex e-con-boxed e-con e-child\" data-id=\"11d62e7\" data-element_type=\"container\" data-settings=\"{&quot;background_background&quot;:&quot;classic&quot;}\"><div class=\"e-con-inner\"><div class=\"elementor-element elementor-element-dcb6b67 e-con-full e-flex e-con e-child\" data-id=\"dcb6b67\" data-element_type=\"container\" data-settings=\"{&quot;background_background&quot;:&quot;classic&quot;}\"><div class=\"elementor-element elementor-element-2c538a5 elementor-widget elementor-widget-text-editor\" data-id=\"2c538a5\" data-element_type=\"widget\" data-widget_type=\"text-editor.default\"><div class=\"elementor-widget-container\"><p>\u00a0A bizalom mindent mag\u00e1ba foglal. Felel\u0151ss\u00e9get, gyakorlatot, k\u00e9pess\u00e9get, emp\u00e1ti\u00e1t. A k\u00f6z\u00f6s munka a bizalommal kezd\u0151dik \u00e9s a k\u00e9pek \u00e1tad\u00e1sa ut\u00e1n is megmarad.<\/p><p>25 \u00e9ve vagyok a p\u00e1ly\u00e1n. Sz\u00e1mtalan esem\u00e9nyen, rendezv\u00e9nyen, esk\u00fcv\u0151n f\u00e9nyk\u00e9peztem, k\u00e9sz\u00edtettem portr\u00e9kat hazai \u00e9s nemzetk\u00f6zi\u00a0 megb\u00edz\u00e1sb\u00f3l m\u0171v\u00e9szekr\u0151l, sportol\u00f3kr\u00f3l, a bankszf\u00e9ra \u00e9s a politika vezet\u0151ir\u0151l.\u00a0 Megtanultam kezelni a nyom\u00e1st, amikor csak egy vissza nem t\u00e9r\u0151 pillanat van, a k\u00e9pet pedig magas helyen nagyon v\u00e1rj\u00e1k. Ez, a kapuit csak egyszer megnyit\u00f3 vil\u00e1g \u00fajra \u00e9s \u00fajra megkeres.<\/p><p><b>A profizmust sokan el\u00e9rhetik. A bizalmat j\u00f3val kevesebben<\/b><i>.<\/i><\/p><\/div><\/div><\/div><\/div><\/div><\/div>\t\t\t\t\t\t\t\t<\/div>\n\t\t\t\t<\/div>\n\t\t\t\t<\/div>\n\t\t\t\t\t<\/div>\n\t\t\t\t<\/div>\n\t\t<div class=\"elementor-element elementor-element-649e0dd e-flex e-con-boxed e-con e-parent\" data-id=\"649e0dd\" data-element_type=\"container\" data-e-type=\"container\">\n\t\t\t\t\t<div class=\"e-con-inner\">\n\t\t<div class=\"elementor-element elementor-element-c32e34e e-con-full e-flex e-con e-child\" data-id=\"c32e34e\" data-element_type=\"container\" data-e-type=\"container\">\n\t\t\t\t<div class=\"elementor-element elementor-element-2960730 elementor-widget elementor-widget-text-editor\" data-id=\"2960730\" data-element_type=\"widget\" data-e-type=\"widget\" data-widget_type=\"text-editor.default\">\n\t\t\t\t<div class=\"elementor-widget-container\">\n\t\t\t\t\t\t\t\t\t<p>V\u00e1llalom rendezv\u00e9nyed, koncerted, fontos esem\u00e9nyed f\u00e9nyk\u00e9pez\u00e9s\u00e9t. Portr\u00e9kat term\u00e9szetben vagy m\u0171teremben. <br \/>Csal\u00e1dokhoz egyeztet\u00e9s ut\u00e1n h\u00e1zhoz is megyek.<\/p>\t\t\t\t\t\t\t\t<\/div>\n\t\t\t\t<\/div>\n\t\t\t\t<\/div>\n\t\t\t\t\t<\/div>\n\t\t\t\t<\/div>\n\t\t\t\t<\/div>\n\t\t","protected":false},"excerpt":{"rendered":"<p>About me In addition to my profession, I also learned patience, understanding, and perseverance. My work is my calling. Ars Poetica Trust is the key \u00a0A bizalom mindent mag\u00e1ba foglal. Felel\u0151ss\u00e9get, gyakorlatot, k\u00e9pess\u00e9get, emp\u00e1ti\u00e1t. A k\u00f6z\u00f6s munka a bizalommal kezd\u0151dik \u00e9s a k\u00e9pek \u00e1tad\u00e1sa ut\u00e1n is megmarad. 25 \u00e9ve vagyok a p\u00e1ly\u00e1n. Sz\u00e1mtalan esem\u00e9nyen, rendezv\u00e9nyen, &#8230; <a title=\"About me\" class=\"read-more\" href=\"https:\/\/www.kepriporter.hu\/en\/about-me\/\" aria-label=\"Read more about About me\">Read more<\/a><\/p>\n","protected":false},"author":4,"featured_media":0,"parent":0,"menu_order":0,"comment_status":"closed","ping_status":"closed","template":"elementor_header_footer","meta":{"footnotes":""},"class_list":["post-11780","page","type-page","status-publish"],"yoast_head":"<!-- This site is optimized with the Yoast SEO plugin v27.5 - https:\/\/yoast.com\/product\/yoast-seo-wordpress\/ -->\n<title>About me - K&eacute;priporter<\/title>\n<meta name=\"robots\" content=\"index, follow, max-snippet:-1, max-image-preview:large, max-video-preview:-1\" \/>\n<link rel=\"canonical\" href=\"https:\/\/www.kepriporter.hu\/en\/about-me\/\" \/>\n<meta property=\"og:locale\" content=\"en_US\" \/>\n<meta property=\"og:type\" content=\"article\" \/>\n<meta property=\"og:title\" content=\"About me - K&eacute;priporter\" \/>\n<meta property=\"og:description\" content=\"About me In addition to my profession, I also learned patience, understanding, and perseverance. My work is my calling. Ars Poetica Trust is the key \u00a0A bizalom mindent mag\u00e1ba foglal. Felel\u0151ss\u00e9get, gyakorlatot, k\u00e9pess\u00e9get, emp\u00e1ti\u00e1t. A k\u00f6z\u00f6s munka a bizalommal kezd\u0151dik \u00e9s a k\u00e9pek \u00e1tad\u00e1sa ut\u00e1n is megmarad. 25 \u00e9ve vagyok a p\u00e1ly\u00e1n. Sz\u00e1mtalan esem\u00e9nyen, rendezv\u00e9nyen, ... Read more\" \/>\n<meta property=\"og:url\" content=\"https:\/\/www.kepriporter.hu\/en\/about-me\/\" \/>\n<meta property=\"og:site_name\" content=\"K&eacute;priporter\" \/>\n<meta property=\"article:modified_time\" content=\"2025-01-27T09:52:56+00:00\" \/>\n<meta property=\"og:image\" content=\"https:\/\/www.kepriporter.hu\/wp-content\/uploads\/2024\/11\/VAA-self-portrait.jpg\" \/>\n\t<meta property=\"og:image:width\" content=\"640\" \/>\n\t<meta property=\"og:image:height\" content=\"960\" \/>\n\t<meta property=\"og:image:type\" content=\"image\/jpeg\" \/>\n<meta name=\"twitter:card\" content=\"summary_large_image\" \/>\n<meta name=\"twitter:label1\" content=\"Est. reading time\" \/>\n\t<meta name=\"twitter:data1\" content=\"2 minutes\" \/>\n<script type=\"application\/ld+json\" class=\"yoast-schema-graph\">{\"@context\":\"https:\\\/\\\/schema.org\",\"@graph\":[{\"@type\":\"WebPage\",\"@id\":\"https:\\\/\\\/www.kepriporter.hu\\\/en\\\/about-me\\\/\",\"url\":\"https:\\\/\\\/www.kepriporter.hu\\\/en\\\/about-me\\\/\",\"name\":\"About me - K&eacute;priporter\",\"isPartOf\":{\"@id\":\"https:\\\/\\\/www.kepriporter.hu\\\/#website\"},\"primaryImageOfPage\":{\"@id\":\"https:\\\/\\\/www.kepriporter.hu\\\/en\\\/about-me\\\/#primaryimage\"},\"image\":{\"@id\":\"https:\\\/\\\/www.kepriporter.hu\\\/en\\\/about-me\\\/#primaryimage\"},\"thumbnailUrl\":\"https:\\\/\\\/www.kepriporter.hu\\\/wp-content\\\/uploads\\\/2024\\\/11\\\/VAA-self-portrait.jpg\",\"datePublished\":\"2022-07-10T19:58:40+00:00\",\"dateModified\":\"2025-01-27T09:52:56+00:00\",\"breadcrumb\":{\"@id\":\"https:\\\/\\\/www.kepriporter.hu\\\/en\\\/about-me\\\/#breadcrumb\"},\"inLanguage\":\"en-US\",\"potentialAction\":[{\"@type\":\"ReadAction\",\"target\":[\"https:\\\/\\\/www.kepriporter.hu\\\/en\\\/about-me\\\/\"]}]},{\"@type\":\"ImageObject\",\"inLanguage\":\"en-US\",\"@id\":\"https:\\\/\\\/www.kepriporter.hu\\\/en\\\/about-me\\\/#primaryimage\",\"url\":\"https:\\\/\\\/www.kepriporter.hu\\\/wp-content\\\/uploads\\\/2024\\\/11\\\/VAA-self-portrait.jpg\",\"contentUrl\":\"https:\\\/\\\/www.kepriporter.hu\\\/wp-content\\\/uploads\\\/2024\\\/11\\\/VAA-self-portrait.jpg\"},{\"@type\":\"BreadcrumbList\",\"@id\":\"https:\\\/\\\/www.kepriporter.hu\\\/en\\\/about-me\\\/#breadcrumb\",\"itemListElement\":[{\"@type\":\"ListItem\",\"position\":1,\"name\":\"Kezd\u0151lap\",\"item\":\"https:\\\/\\\/www.kepriporter.hu\\\/\"},{\"@type\":\"ListItem\",\"position\":2,\"name\":\"About me\"}]},{\"@type\":\"WebSite\",\"@id\":\"https:\\\/\\\/www.kepriporter.hu\\\/#website\",\"url\":\"https:\\\/\\\/www.kepriporter.hu\\\/\",\"name\":\"K&eacute;priporter\",\"description\":\"\",\"publisher\":{\"@id\":\"https:\\\/\\\/www.kepriporter.hu\\\/#organization\"},\"potentialAction\":[{\"@type\":\"SearchAction\",\"target\":{\"@type\":\"EntryPoint\",\"urlTemplate\":\"https:\\\/\\\/www.kepriporter.hu\\\/?s={search_term_string}\"},\"query-input\":{\"@type\":\"PropertyValueSpecification\",\"valueRequired\":true,\"valueName\":\"search_term_string\"}}],\"inLanguage\":\"en-US\"},{\"@type\":\"Organization\",\"@id\":\"https:\\\/\\\/www.kepriporter.hu\\\/#organization\",\"name\":\"K&eacute;priporter\",\"url\":\"https:\\\/\\\/www.kepriporter.hu\\\/\",\"logo\":{\"@type\":\"ImageObject\",\"inLanguage\":\"en-US\",\"@id\":\"https:\\\/\\\/www.kepriporter.hu\\\/#\\\/schema\\\/logo\\\/image\\\/\",\"url\":\"https:\\\/\\\/www.kepriporter.hu\\\/wp-content\\\/uploads\\\/2022\\\/10\\\/favicon.png\",\"contentUrl\":\"https:\\\/\\\/www.kepriporter.hu\\\/wp-content\\\/uploads\\\/2022\\\/10\\\/favicon.png\",\"width\":300,\"height\":300,\"caption\":\"K&eacute;priporter\"},\"image\":{\"@id\":\"https:\\\/\\\/www.kepriporter.hu\\\/#\\\/schema\\\/logo\\\/image\\\/\"}}]}<\/script>\n<!-- \/ Yoast SEO plugin. -->","yoast_head_json":{"title":"About me - K&eacute;priporter","robots":{"index":"index","follow":"follow","max-snippet":"max-snippet:-1","max-image-preview":"max-image-preview:large","max-video-preview":"max-video-preview:-1"},"canonical":"https:\/\/www.kepriporter.hu\/en\/about-me\/","og_locale":"en_US","og_type":"article","og_title":"About me - K&eacute;priporter","og_description":"About me In addition to my profession, I also learned patience, understanding, and perseverance. My work is my calling. Ars Poetica Trust is the key \u00a0A bizalom mindent mag\u00e1ba foglal. Felel\u0151ss\u00e9get, gyakorlatot, k\u00e9pess\u00e9get, emp\u00e1ti\u00e1t. A k\u00f6z\u00f6s munka a bizalommal kezd\u0151dik \u00e9s a k\u00e9pek \u00e1tad\u00e1sa ut\u00e1n is megmarad. 25 \u00e9ve vagyok a p\u00e1ly\u00e1n. Sz\u00e1mtalan esem\u00e9nyen, rendezv\u00e9nyen, ... Read more","og_url":"https:\/\/www.kepriporter.hu\/en\/about-me\/","og_site_name":"K&eacute;priporter","article_modified_time":"2025-01-27T09:52:56+00:00","og_image":[{"width":640,"height":960,"url":"https:\/\/www.kepriporter.hu\/wp-content\/uploads\/2024\/11\/VAA-self-portrait.jpg","type":"image\/jpeg"}],"twitter_card":"summary_large_image","twitter_misc":{"Est. reading time":"2 minutes"},"schema":{"@context":"https:\/\/schema.org","@graph":[{"@type":"WebPage","@id":"https:\/\/www.kepriporter.hu\/en\/about-me\/","url":"https:\/\/www.kepriporter.hu\/en\/about-me\/","name":"About me - K&eacute;priporter","isPartOf":{"@id":"https:\/\/www.kepriporter.hu\/#website"},"primaryImageOfPage":{"@id":"https:\/\/www.kepriporter.hu\/en\/about-me\/#primaryimage"},"image":{"@id":"https:\/\/www.kepriporter.hu\/en\/about-me\/#primaryimage"},"thumbnailUrl":"https:\/\/www.kepriporter.hu\/wp-content\/uploads\/2024\/11\/VAA-self-portrait.jpg","datePublished":"2022-07-10T19:58:40+00:00","dateModified":"2025-01-27T09:52:56+00:00","breadcrumb":{"@id":"https:\/\/www.kepriporter.hu\/en\/about-me\/#breadcrumb"},"inLanguage":"en-US","potentialAction":[{"@type":"ReadAction","target":["https:\/\/www.kepriporter.hu\/en\/about-me\/"]}]},{"@type":"ImageObject","inLanguage":"en-US","@id":"https:\/\/www.kepriporter.hu\/en\/about-me\/#primaryimage","url":"https:\/\/www.kepriporter.hu\/wp-content\/uploads\/2024\/11\/VAA-self-portrait.jpg","contentUrl":"https:\/\/www.kepriporter.hu\/wp-content\/uploads\/2024\/11\/VAA-self-portrait.jpg"},{"@type":"BreadcrumbList","@id":"https:\/\/www.kepriporter.hu\/en\/about-me\/#breadcrumb","itemListElement":[{"@type":"ListItem","position":1,"name":"Kezd\u0151lap","item":"https:\/\/www.kepriporter.hu\/"},{"@type":"ListItem","position":2,"name":"About me"}]},{"@type":"WebSite","@id":"https:\/\/www.kepriporter.hu\/#website","url":"https:\/\/www.kepriporter.hu\/","name":"K&eacute;priporter","description":"","publisher":{"@id":"https:\/\/www.kepriporter.hu\/#organization"},"potentialAction":[{"@type":"SearchAction","target":{"@type":"EntryPoint","urlTemplate":"https:\/\/www.kepriporter.hu\/?s={search_term_string}"},"query-input":{"@type":"PropertyValueSpecification","valueRequired":true,"valueName":"search_term_string"}}],"inLanguage":"en-US"},{"@type":"Organization","@id":"https:\/\/www.kepriporter.hu\/#organization","name":"K&eacute;priporter","url":"https:\/\/www.kepriporter.hu\/","logo":{"@type":"ImageObject","inLanguage":"en-US","@id":"https:\/\/www.kepriporter.hu\/#\/schema\/logo\/image\/","url":"https:\/\/www.kepriporter.hu\/wp-content\/uploads\/2022\/10\/favicon.png","contentUrl":"https:\/\/www.kepriporter.hu\/wp-content\/uploads\/2022\/10\/favicon.png","width":300,"height":300,"caption":"K&eacute;priporter"},"image":{"@id":"https:\/\/www.kepriporter.hu\/#\/schema\/logo\/image\/"}}]}},"_links":{"self":[{"href":"https:\/\/www.kepriporter.hu\/en\/wp-json\/wp\/v2\/pages\/11780","targetHints":{"allow":["GET"]}}],"collection":[{"href":"https:\/\/www.kepriporter.hu\/en\/wp-json\/wp\/v2\/pages"}],"about":[{"href":"https:\/\/www.kepriporter.hu\/en\/wp-json\/wp\/v2\/types\/page"}],"author":[{"embeddable":true,"href":"https:\/\/www.kepriporter.hu\/en\/wp-json\/wp\/v2\/users\/4"}],"replies":[{"embeddable":true,"href":"https:\/\/www.kepriporter.hu\/en\/wp-json\/wp\/v2\/comments?post=11780"}],"version-history":[{"count":0,"href":"https:\/\/www.kepriporter.hu\/en\/wp-json\/wp\/v2\/pages\/11780\/revisions"}],"wp:attachment":[{"href":"https:\/\/www.kepriporter.hu\/en\/wp-json\/wp\/v2\/media?parent=11780"}],"curies":[{"name":"wp","href":"https:\/\/api.w.org\/{rel}","templated":true}]}}